{"id":11,"date":"2023-07-17T05:01:35","date_gmt":"2023-07-17T05:01:35","guid":{"rendered":"http:\/\/noxiy.local\/?page_id=8"},"modified":"2025-12-07T13:16:41","modified_gmt":"2025-12-07T13:16:41","slug":"osiguranja","status":"publish","type":"page","link":"https:\/\/vdprofesional.com\/index.php\/osiguranja\/","title":{"rendered":"Osiguranja"},"content":{"rendered":"\t\t<div data-elementor-type=\"wp-page\" data-elementor-id=\"11\" class=\"elementor elementor-11\">\n\t\t\t\t\t\t<section class=\"elementor-section elementor-top-section elementor-element elementor-element-0fabb2f elementor-section-boxed elementor-section-height-default elementor-section-height-default\" data-id=\"0fabb2f\" data-element_type=\"section\" data-e-type=\"section\" data-settings=\"{&quot;background_background&quot;:&quot;classic&quot;}\">\n\t\t\t\t\t\t<div class=\"elementor-container elementor-column-gap-default\">\n\t\t\t\t\t<div class=\"elementor-column elementor-col-50 elementor-top-column elementor-element elementor-element-775ff38\" data-id=\"775ff38\" data-element_type=\"column\" data-e-type=\"column\">\n\t\t\t<div class=\"elementor-widget-wrap elementor-element-populated\">\n\t\t\t\t\t\t<div class=\"elementor-element elementor-element-ad718a5 elementor-widget__width-auto elementor-align-center elementor-icon-list--layout-traditional elementor-list-item-link-full_width elementor-widget elementor-widget-icon-list\" data-id=\"ad718a5\" data-element_type=\"widget\" data-e-type=\"widget\" data-widget_type=\"icon-list.default\">\n\t\t\t\t<div class=\"elementor-widget-container\">\n\t\t\t\t\t\t\t<ul class=\"elementor-icon-list-items\">\n\t\t\t\t\t\t\t<li class=\"elementor-icon-list-item\">\n\t\t\t\t\t\t\t\t\t\t\t<span class=\"elementor-icon-list-icon\">\n\t\t\t\t\t\t\t<svg aria-hidden=\"true\" class=\"e-font-icon-svg e-fas-circle\" viewBox=\"0 0 512 512\" xmlns=\"http:\/\/www.w3.org\/2000\/svg\"><path d=\"M256 8C119 8 8 119 8 256s111 248 248 248 248-111 248-248S393 8 256 8z\"><\/path><\/svg>\t\t\t\t\t\t<\/span>\n\t\t\t\t\t\t\t\t\t\t<span class=\"elementor-icon-list-text\">Bez \u010dekanja<\/span>\n\t\t\t\t\t\t\t\t\t<\/li>\n\t\t\t\t\t\t<\/ul>\n\t\t\t\t\t\t<\/div>\n\t\t\t\t<\/div>\n\t\t\t\t<div class=\"elementor-element elementor-element-09333ae elementor-widget__width-initial elementor-widget-tablet__width-inherit elementor-widget elementor-widget-heading\" data-id=\"09333ae\" data-element_type=\"widget\" data-e-type=\"widget\" data-widget_type=\"heading.default\">\n\t\t\t\t<div class=\"elementor-widget-container\">\n\t\t\t\t\t<h1 class=\"elementor-heading-title elementor-size-default\">Uzmite \u017eivot u svoje ruke<\/h1>\t\t\t\t<\/div>\n\t\t\t\t<\/div>\n\t\t\t\t<section class=\"elementor-section elementor-inner-section elementor-element elementor-element-2d9e365 elementor-section-boxed elementor-section-height-default elementor-section-height-default\" data-id=\"2d9e365\" data-element_type=\"section\" data-e-type=\"section\">\n\t\t\t\t\t\t<div class=\"elementor-container elementor-column-gap-no\">\n\t\t\t\t\t<div class=\"elementor-column elementor-col-50 elementor-inner-column elementor-element elementor-element-1d832c6\" data-id=\"1d832c6\" data-element_type=\"column\" data-e-type=\"column\">\n\t\t\t<div class=\"elementor-widget-wrap elementor-element-populated\">\n\t\t\t\t\t\t<div class=\"elementor-element elementor-element-3cc4dbc elementor-widget elementor-widget-button-noxiy\" data-id=\"3cc4dbc\" data-element_type=\"widget\" data-e-type=\"widget\" data-widget_type=\"button-noxiy.default\">\n\t\t\t\t<div class=\"elementor-widget-container\">\n\t\t\t\t\t\r\n        <div class=\"noxiy-button\">\r\n            <a href=\"https:\/\/vdprofesional.com\/index.php\/pojedinci-i-porodicno-osiguranje\/\" class=\"noxiy__btn\">\r\n                Ponuda            <\/a>\r\n\r\n        <\/div>\r\n\r\n        \t\t\t\t<\/div>\n\t\t\t\t<\/div>\n\t\t\t\t\t<\/div>\n\t\t<\/div>\n\t\t\t\t<div class=\"elementor-column elementor-col-50 elementor-inner-column elementor-element elementor-element-33dbfd9\" data-id=\"33dbfd9\" data-element_type=\"column\" data-e-type=\"column\">\n\t\t\t<div class=\"elementor-widget-wrap elementor-element-populated\">\n\t\t\t\t\t\t<div class=\"elementor-element elementor-element-6c290e6 elementor-widget__width-initial elementor-widget elementor-widget-image-noxiy\" data-id=\"6c290e6\" data-element_type=\"widget\" data-e-type=\"widget\" data-widget_type=\"image-noxiy.default\">\n\t\t\t\t<div class=\"elementor-widget-container\">\n\t\t\t\t\t\r\n\r\n        \r\n\r\n        \r\n\r\n        \r\n\r\n        \r\n\r\n        \r\n\r\n                \r\n\r\n\r\n                \r\n\r\n\r\n        \r\n\r\n        \r\n        \r\n         \r\n        \r\n        \r\n        \r\n            <div class=\"banner__four-content-button-customer\">\r\n                <div>                        \r\n                    <img decoding=\"async\" src=\"https:\/\/vdprofesional.com\/wp-content\/uploads\/2023\/07\/banner-avater.png\" alt=\"No alt text\" \/>                <\/div>\r\n                <div>\r\n                    <h6><i class=\"fa fa-star\"><\/i> <span class=\"counter\">\r\n                            500                        <\/span>\r\n                        +                    <\/h6>\r\n                    <h5>\r\n                        Korisnika                    <\/h5>\r\n                <\/div>\r\n            <\/div>\r\n\r\n          \r\n        \r\n\r\n\r\n        \t\t\t\t<\/div>\n\t\t\t\t<\/div>\n\t\t\t\t\t<\/div>\n\t\t<\/div>\n\t\t\t\t\t<\/div>\n\t\t<\/section>\n\t\t\t\t\t<\/div>\n\t\t<\/div>\n\t\t\t\t<div class=\"elementor-column elementor-col-50 elementor-top-column elementor-element elementor-element-8da3d2d elementor-hidden-mobile\" data-id=\"8da3d2d\" data-element_type=\"column\" data-e-type=\"column\">\n\t\t\t<div class=\"elementor-widget-wrap\">\n\t\t\t\t\t\t\t<\/div>\n\t\t<\/div>\n\t\t\t\t\t<\/div>\n\t\t<\/section>\n\t\t\t\t<section class=\"elementor-section elementor-top-section elementor-element elementor-element-5c61c0d elementor-section-full_width elementor-section-height-default elementor-section-height-default\" data-id=\"5c61c0d\" data-element_type=\"section\" data-e-type=\"section\">\n\t\t\t\t\t\t<div class=\"elementor-container elementor-column-gap-no\">\n\t\t\t\t\t<div class=\"elementor-column elementor-col-100 elementor-top-column elementor-element elementor-element-875be61\" data-id=\"875be61\" data-element_type=\"column\" data-e-type=\"column\">\n\t\t\t<div class=\"elementor-widget-wrap elementor-element-populated\">\n\t\t\t\t\t\t<div class=\"elementor-element elementor-element-9777b41 elementor-widget elementor-widget-text-slide-noxiy\" data-id=\"9777b41\" data-element_type=\"widget\" data-e-type=\"widget\" data-widget_type=\"text-slide-noxiy.default\">\n\t\t\t\t<div class=\"elementor-widget-container\">\n\t\t\t\t\t\r\n\r\n\r\n        <!-- Text Slider Area Start -->\r\n        <div class=\"text__slider two\">\r\n            <div class=\"text-slide\">\r\n                <div class=\"sliders scroll\">\r\n                    <ul>\r\n                                                    <li>\r\n                                <h2><a href=\"https:\/\/vdprofesional.com\/index.php\/pojedinci-i-porodicno-osiguranje\/\">Porodi\u010dno osiguranje<\/a><span\r\n                                        class=\"fas fa-angle-double-right\"><\/span><\/h2>\r\n                            <\/li>\r\n                                                    <li>\r\n                                <h2><a href=\"https:\/\/vdprofesional.com\/index.php\/pojedinci-i-porodicno-osiguranje\/\">\u017divotna osiguranja<\/a><span\r\n                                        class=\"fas fa-angle-double-right\"><\/span><\/h2>\r\n                            <\/li>\r\n                                                    <li>\r\n                                <h2><a href=\"https:\/\/vdprofesional.com\/index.php\/pojedinci-i-porodicno-osiguranje\/\">Zdravstvena osiguranja<\/a><span\r\n                                        class=\"fas fa-angle-double-right\"><\/span><\/h2>\r\n                            <\/li>\r\n                                                    <li>\r\n                                <h2><a href=\"https:\/\/vdprofesional.com\/index.php\/osiguranja-za-pravna-lica\/\">Osiguranje za pravna lica<\/a><span\r\n                                        class=\"fas fa-angle-double-right\"><\/span><\/h2>\r\n                            <\/li>\r\n                                                    <li>\r\n                                <h2><a href=\"https:\/\/vdprofesional.com\/index.php\/imovina-fizickih-lica\/\">Osiguranje imovine<\/a><span\r\n                                        class=\"fas fa-angle-double-right\"><\/span><\/h2>\r\n                            <\/li>\r\n                                            <\/ul>\r\n                <\/div>\r\n                <div class=\"sliders scroll\">\r\n                    <ul>\r\n                                                    <li>\r\n                                <h2><a href=\"https:\/\/vdprofesional.com\/index.php\/pojedinci-i-porodicno-osiguranje\/\">Porodi\u010dno osiguranje<\/a><span\r\n                                        class=\"fas fa-angle-double-right\"><\/span><\/h2>\r\n                            <\/li>\r\n                                                    <li>\r\n                                <h2><a href=\"https:\/\/vdprofesional.com\/index.php\/pojedinci-i-porodicno-osiguranje\/\">\u017divotna osiguranja<\/a><span\r\n                                        class=\"fas fa-angle-double-right\"><\/span><\/h2>\r\n                            <\/li>\r\n                                                    <li>\r\n                                <h2><a href=\"https:\/\/vdprofesional.com\/index.php\/pojedinci-i-porodicno-osiguranje\/\">Zdravstvena osiguranja<\/a><span\r\n                                        class=\"fas fa-angle-double-right\"><\/span><\/h2>\r\n                            <\/li>\r\n                                                    <li>\r\n                                <h2><a href=\"https:\/\/vdprofesional.com\/index.php\/osiguranja-za-pravna-lica\/\">Osiguranje za pravna lica<\/a><span\r\n                                        class=\"fas fa-angle-double-right\"><\/span><\/h2>\r\n                            <\/li>\r\n                                                    <li>\r\n                                <h2><a href=\"https:\/\/vdprofesional.com\/index.php\/imovina-fizickih-lica\/\">Osiguranje imovine<\/a><span\r\n                                        class=\"fas fa-angle-double-right\"><\/span><\/h2>\r\n                            <\/li>\r\n                                            <\/ul>\r\n                <\/div>\r\n            <\/div>\r\n        <\/div>\r\n        <!-- Text Slider Area Start -->\r\n\r\n        \t\t\t\t<\/div>\n\t\t\t\t<\/div>\n\t\t\t\t\t<\/div>\n\t\t<\/div>\n\t\t\t\t\t<\/div>\n\t\t<\/section>\n\t\t\t\t<section class=\"elementor-section elementor-top-section elementor-element elementor-element-07cc979 elementor-section-content-middle elementor-section-boxed elementor-section-height-default elementor-section-height-default\" data-id=\"07cc979\" data-element_type=\"section\" data-e-type=\"section\" data-settings=\"{&quot;background_background&quot;:&quot;classic&quot;}\">\n\t\t\t\t\t\t<div class=\"elementor-container elementor-column-gap-default\">\n\t\t\t\t\t<div class=\"elementor-column elementor-col-50 elementor-top-column elementor-element elementor-element-adf2767\" data-id=\"adf2767\" data-element_type=\"column\" data-e-type=\"column\">\n\t\t\t<div class=\"elementor-widget-wrap elementor-element-populated\">\n\t\t\t\t\t\t<div class=\"elementor-element elementor-element-8ac22e1 elementor-widget elementor-widget-image-noxiy\" data-id=\"8ac22e1\" data-element_type=\"widget\" data-e-type=\"widget\" data-widget_type=\"image-noxiy.default\">\n\t\t\t\t<div class=\"elementor-widget-container\">\n\t\t\t\t\t\r\n\r\n        \r\n            <div class=\"about__five-left\">\r\n                <img decoding=\"async\" class=\"about__five-left-shape\" src=\"https:\/\/vdprofesional.com\/wp-content\/uploads\/2023\/07\/about-5.png\" alt=\"No alt text\" \/>                <div class=\"about__five-left-image\">\r\n                    <div class=\"about__five-left-image-left image-overlay\">\r\n                        <img decoding=\"async\" src=\"https:\/\/vdprofesional.com\/wp-content\/uploads\/2023\/07\/about-10.jpg\" alt=\"No alt text\" \/>                    <\/div>\r\n                    <div class=\"about__five-left-image-right\">\r\n                        <div class=\"image-overlay\">\r\n                            <img decoding=\"async\" src=\"https:\/\/vdprofesional.com\/wp-content\/uploads\/2023\/07\/about-11.jpg\" alt=\"No alt text\" \/>                        <\/div>\r\n                        <div class=\"image-overlay\">\r\n                            <img decoding=\"async\" src=\"https:\/\/noxiy.themeori.net\/wp-content\/uploads\/2023\/07\/about-12.jpg\" alt=\"No alt text\" \/>                        <\/div>\r\n                    <\/div>\r\n                    <div class=\"about__five-left-image-experience\">\r\n                        <h1><span class=\"counter\">\r\n                                20                            <\/span>+                        <\/h1>\r\n                        <h6>\r\n                            GODINA RADA SA KLIJENTIMA                        <\/h6>\r\n                    <\/div>\r\n                <\/div>\r\n            <\/div>\r\n\r\n        \r\n\r\n        \r\n\r\n        \r\n\r\n        \r\n\r\n        \r\n\r\n                \r\n\r\n\r\n                \r\n\r\n\r\n        \r\n\r\n        \r\n        \r\n         \r\n        \r\n        \r\n          \r\n        \r\n\r\n\r\n        \t\t\t\t<\/div>\n\t\t\t\t<\/div>\n\t\t\t\t\t<\/div>\n\t\t<\/div>\n\t\t\t\t<div class=\"elementor-column elementor-col-50 elementor-top-column elementor-element elementor-element-8aa9968\" data-id=\"8aa9968\" data-element_type=\"column\" data-e-type=\"column\">\n\t\t\t<div class=\"elementor-widget-wrap elementor-element-populated\">\n\t\t\t\t\t\t<div class=\"elementor-element elementor-element-77fab89 elementor-widget elementor-widget-subtitle-noxiy\" data-id=\"77fab89\" data-element_type=\"widget\" data-e-type=\"widget\" data-widget_type=\"subtitle-noxiy.default\">\n\t\t\t\t<div class=\"elementor-widget-container\">\n\t\t\t\t\t\r\n\r\n        <div class=\"subtitle-noxiy\">\r\n            <img decoding=\"async\" src=\"https:\/\/vdprofesional.com\/wp-content\/uploads\/2025\/12\/cropped-Providni-logo@4x.png\" alt=\"No alt text\" \/>            <span>\r\n                Va\u0161 partner za bezbjednost            <\/span>\r\n        <\/div>\r\n\r\n\r\n        \t\t\t\t<\/div>\n\t\t\t\t<\/div>\n\t\t\t\t<div class=\"elementor-element elementor-element-964d9f4 elementor-widget__width-initial elementor-widget-mobile__width-inherit elementor-widget elementor-widget-heading\" data-id=\"964d9f4\" data-element_type=\"widget\" data-e-type=\"widget\" data-widget_type=\"heading.default\">\n\t\t\t\t<div class=\"elementor-widget-container\">\n\t\t\t\t\t<h2 class=\"elementor-heading-title elementor-size-default\">Osiguranje koje pravi razliku<\/h2>\t\t\t\t<\/div>\n\t\t\t\t<\/div>\n\t\t\t\t<div class=\"elementor-element elementor-element-cf3f9ff elementor-widget__width-initial elementor-widget-tablet__width-inherit elementor-widget elementor-widget-heading\" data-id=\"cf3f9ff\" data-element_type=\"widget\" data-e-type=\"widget\" data-widget_type=\"heading.default\">\n\t\t\t\t<div class=\"elementor-widget-container\">\n\t\t\t\t\t<p class=\"elementor-heading-title elementor-size-default\">U svijetu nepredvidivih doga\u0111aja, osiguranje je klju\u010dna za\u0161tita za Vas i Va\u0161u imovinu. Kao posrednici u osiguranju, na\u0161 cilj je da vam omogu\u0107imo optimalne uslove pokrivenosti koji odgovaraju Va\u0161im potrebama. Na\u0161a stru\u010dnost i posve\u0107enost klijentima obezbje\u0111uju da dobijete najbolje opcije na tr\u017ei\u0161tu. Sa nama mo\u017eete biti sigurni da \u0107ete uvijek imati podr\u0161ku kada Vam je najpotrebnija. Va\u0161a sigurnost je na\u0161 prioritet!\n<\/p>\t\t\t\t<\/div>\n\t\t\t\t<\/div>\n\t\t\t\t<div class=\"elementor-element elementor-element-0686274 elementor-widget elementor-widget-spacer\" data-id=\"0686274\" data-element_type=\"widget\" data-e-type=\"widget\" data-widget_type=\"spacer.default\">\n\t\t\t\t<div class=\"elementor-widget-container\">\n\t\t\t\t\t\t\t<div class=\"elementor-spacer\">\n\t\t\t<div class=\"elementor-spacer-inner\"><\/div>\n\t\t<\/div>\n\t\t\t\t\t\t<\/div>\n\t\t\t\t<\/div>\n\t\t\t\t<div class=\"elementor-element elementor-element-9fb009c elementor-widget elementor-widget-button-noxiy\" data-id=\"9fb009c\" data-element_type=\"widget\" data-e-type=\"widget\" data-widget_type=\"button-noxiy.default\">\n\t\t\t\t<div class=\"elementor-widget-container\">\n\t\t\t\t\t\r\n        <div class=\"noxiy-button\">\r\n            <a href=\"https:\/\/vdprofesional.com\/index.php\/pojedinci-i-porodicno-osiguranje\/\" class=\"noxiy__btn\">\r\n                POGLEDAJTE PONUDU            <\/a>\r\n\r\n        <\/div>\r\n\r\n        \t\t\t\t<\/div>\n\t\t\t\t<\/div>\n\t\t\t\t\t<\/div>\n\t\t<\/div>\n\t\t\t\t\t<\/div>\n\t\t<\/section>\n\t\t\t\t<section class=\"elementor-section elementor-top-section elementor-element elementor-element-5ea5da9 elementor-section-boxed elementor-section-height-default elementor-section-height-default\" data-id=\"5ea5da9\" data-element_type=\"section\" data-e-type=\"section\">\n\t\t\t\t\t\t<div class=\"elementor-container elementor-column-gap-default\">\n\t\t\t\t\t<div class=\"elementor-column elementor-col-100 elementor-top-column elementor-element elementor-element-bc9d0b3\" data-id=\"bc9d0b3\" data-element_type=\"column\" data-e-type=\"column\">\n\t\t\t<div class=\"elementor-widget-wrap elementor-element-populated\">\n\t\t\t\t\t\t<div class=\"elementor-element elementor-element-244d260 elementor-widget__width-initial elementor-widget elementor-widget-services_noxiy\" data-id=\"244d260\" data-element_type=\"widget\" data-e-type=\"widget\" data-widget_type=\"services_noxiy.default\">\n\t\t\t\t<div class=\"elementor-widget-container\">\n\t\t\t\t\t\r\n        \r\n                    <div class=\"services__one-item m-0\">\r\n                <div class=\"services__one-item-image\">\r\n                    <img decoding=\"async\" src=\"https:\/\/vdprofesional.com\/wp-content\/uploads\/2023\/07\/life-insurance-1.jpg\" alt=\"No alt text\" \/>                <\/div>\r\n                <div class=\"services__one-item-content\">\r\n                    <div class=\"services__one-item-content-icon\">\r\n                        <i class=\"flaticon flaticon-family\"><\/i>\r\n                    <\/div>\r\n                    <h4><a href=\"\">Pojedinci i porodi\u010dno osiguranje<\/a>\r\n                    <\/h4>\r\n                    <p>\r\n                        Za\u0161titite sebe i svoje najmilije...                    <\/p>\r\n                    <a href=\"\">\r\n                        <p>\r\n                                                    <\/p><i class=\"fas fa-long-arrow-right\"><\/i>\r\n                    <\/a>\r\n                <\/div>\r\n            <\/div>\r\n        \r\n\r\n        \r\n        \r\n        \t\t\t\t<\/div>\n\t\t\t\t<\/div>\n\t\t\t\t<div class=\"elementor-element elementor-element-3702371 elementor-widget__width-initial elementor-widget elementor-widget-services_noxiy\" data-id=\"3702371\" data-element_type=\"widget\" data-e-type=\"widget\" data-widget_type=\"services_noxiy.default\">\n\t\t\t\t<div class=\"elementor-widget-container\">\n\t\t\t\t\t\r\n        \r\n                    <div class=\"services__one-item m-0\">\r\n                <div class=\"services__one-item-image\">\r\n                    <img decoding=\"async\" src=\"https:\/\/vdprofesional.com\/wp-content\/uploads\/2023\/07\/cyber-insurance.jpg\" alt=\"No alt text\" \/>                <\/div>\r\n                <div class=\"services__one-item-content\">\r\n                    <div class=\"services__one-item-content-icon\">\r\n                        <i class=\"flaticon flaticon-project-management\"><\/i>\r\n                    <\/div>\r\n                    <h4><a href=\"\">Osiguranje za pravna lica<\/a>\r\n                    <\/h4>\r\n                    <p>\r\n                        Neka Va\u0161 rast i uspjeh budu osigurani...                    <\/p>\r\n                    <a href=\"\">\r\n                        <p>\r\n                                                    <\/p><i class=\"fas fa-long-arrow-right\"><\/i>\r\n                    <\/a>\r\n                <\/div>\r\n            <\/div>\r\n        \r\n\r\n        \r\n        \r\n        \t\t\t\t<\/div>\n\t\t\t\t<\/div>\n\t\t\t\t<div class=\"elementor-element elementor-element-1b76533 elementor-widget__width-initial elementor-widget elementor-widget-services_noxiy\" data-id=\"1b76533\" data-element_type=\"widget\" data-e-type=\"widget\" data-widget_type=\"services_noxiy.default\">\n\t\t\t\t<div class=\"elementor-widget-container\">\n\t\t\t\t\t\r\n        \r\n                    <div class=\"services__one-item m-0\">\r\n                <div class=\"services__one-item-image\">\r\n                    <img decoding=\"async\" src=\"https:\/\/vdprofesional.com\/wp-content\/uploads\/2023\/07\/life-insurance-4.jpg\" alt=\"No alt text\" \/>                <\/div>\r\n                <div class=\"services__one-item-content\">\r\n                    <div class=\"services__one-item-content-icon\">\r\n                        <i class=\"flaticon flaticon-home-insurance\"><\/i>\r\n                    <\/div>\r\n                    <h4><a href=\"\">Imovina fizi\u010dkih lica<\/a>\r\n                    <\/h4>\r\n                    <p>\r\n                        U\u017eivajte u prostoru bez briga...                    <\/p>\r\n                    <a href=\"\">\r\n                        <p>\r\n                                                    <\/p><i class=\"fas fa-long-arrow-right\"><\/i>\r\n                    <\/a>\r\n                <\/div>\r\n            <\/div>\r\n        \r\n\r\n        \r\n        \r\n        \t\t\t\t<\/div>\n\t\t\t\t<\/div>\n\t\t\t\t\t<\/div>\n\t\t<\/div>\n\t\t\t\t\t<\/div>\n\t\t<\/section>\n\t\t\t\t<section class=\"elementor-section elementor-top-section elementor-element elementor-element-aca0bca elementor-section-content-middle elementor-section-boxed elementor-section-height-default elementor-section-height-default\" data-id=\"aca0bca\" data-element_type=\"section\" data-e-type=\"section\" data-settings=\"{&quot;background_background&quot;:&quot;classic&quot;}\">\n\t\t\t\t\t\t\t<div class=\"elementor-background-overlay\"><\/div>\n\t\t\t\t\t\t\t<div class=\"elementor-container elementor-column-gap-default\">\n\t\t\t\t\t<div class=\"elementor-column elementor-col-100 elementor-top-column elementor-element elementor-element-78d7a01\" data-id=\"78d7a01\" data-element_type=\"column\" data-e-type=\"column\">\n\t\t\t<div class=\"elementor-widget-wrap elementor-element-populated\">\n\t\t\t\t\t\t<div class=\"elementor-element elementor-element-45a045f elementor-widget elementor-widget-subtitle-noxiy\" data-id=\"45a045f\" data-element_type=\"widget\" data-e-type=\"widget\" data-widget_type=\"subtitle-noxiy.default\">\n\t\t\t\t<div class=\"elementor-widget-container\">\n\t\t\t\t\t\r\n\r\n        <div class=\"subtitle-noxiy\">\r\n            <img decoding=\"async\" src=\"https:\/\/vdprofesional.com\/wp-content\/uploads\/2024\/10\/cropped-logo-crna-podloga_4x-removebg-preview.png\" alt=\"No alt text\" \/>            <span>\r\n                Posve\u0107enost            <\/span>\r\n        <\/div>\r\n\r\n\r\n        \t\t\t\t<\/div>\n\t\t\t\t<\/div>\n\t\t\t\t<div class=\"elementor-element elementor-element-349d248 elementor-widget__width-initial elementor-widget-tablet__width-inherit elementor-widget-mobile__width-inherit elementor-widget elementor-widget-heading\" data-id=\"349d248\" data-element_type=\"widget\" data-e-type=\"widget\" data-widget_type=\"heading.default\">\n\t\t\t\t<div class=\"elementor-widget-container\">\n\t\t\t\t\t<h2 class=\"elementor-heading-title elementor-size-default\">Fokusirani na kvalitet usluge<\/h2>\t\t\t\t<\/div>\n\t\t\t\t<\/div>\n\t\t\t\t<div class=\"elementor-element elementor-element-3f66bc7 elementor-widget elementor-widget-button-noxiy\" data-id=\"3f66bc7\" data-element_type=\"widget\" data-e-type=\"widget\" data-widget_type=\"button-noxiy.default\">\n\t\t\t\t<div class=\"elementor-widget-container\">\n\t\t\t\t\t\r\n        <div class=\"noxiy-button\">\r\n            <a href=\"https:\/\/vdprofesional.com\/index.php\/kontakt\/\" class=\"noxiy__btn\">\r\n                Kontaktirajte nas            <\/a>\r\n\r\n        <\/div>\r\n\r\n        \t\t\t\t<\/div>\n\t\t\t\t<\/div>\n\t\t\t\t\t<\/div>\n\t\t<\/div>\n\t\t\t\t\t<\/div>\n\t\t<\/section>\n\t\t\t\t<section class=\"elementor-section elementor-top-section elementor-element elementor-element-b24c99f elementor-section-boxed elementor-section-height-default elementor-section-height-default\" data-id=\"b24c99f\" data-element_type=\"section\" data-e-type=\"section\">\n\t\t\t\t\t\t<div class=\"elementor-container elementor-column-gap-default\">\n\t\t\t\t\t<div class=\"elementor-column elementor-col-100 elementor-top-column elementor-element elementor-element-23a6448\" data-id=\"23a6448\" data-element_type=\"column\" data-e-type=\"column\">\n\t\t\t<div class=\"elementor-widget-wrap\">\n\t\t\t\t\t\t\t<\/div>\n\t\t<\/div>\n\t\t\t\t\t<\/div>\n\t\t<\/section>\n\t\t\t\t<\/div>\n\t\t","protected":false},"excerpt":{"rendered":"<p>Bez \u010dekanja Uzmite \u017eivot u svoje ruke Ponuda 500 + Korisnika Porodi\u010dno osiguranje \u017divotna osiguranja Zdravstvena osiguranja Osiguranje za pravna lica Osiguranje imovine Porodi\u010dno osiguranje \u017divotna osiguranja Zdravstvena osiguranja Osiguranje za pravna lica Osiguranje imovine 20 + GODINA RADA SA KLIJENTIMA Va\u0161 partner za bezbjednost Osiguranje koje pravi razliku U svijetu nepredvidivih doga\u0111aja, osiguranje je [&hellip;]<\/p>\n","protected":false},"author":1,"featured_media":0,"parent":0,"menu_order":0,"comment_status":"closed","ping_status":"closed","template":"elementor_header_footer","meta":{"footnotes":""},"class_list":["post-11","page","type-page","status-publish","hentry"],"_links":{"self":[{"href":"https:\/\/vdprofesional.com\/index.php\/wp-json\/wp\/v2\/pages\/11","targetHints":{"allow":["GET"]}}],"collection":[{"href":"https:\/\/vdprofesional.com\/index.php\/wp-json\/wp\/v2\/pages"}],"about":[{"href":"https:\/\/vdprofesional.com\/index.php\/wp-json\/wp\/v2\/types\/page"}],"author":[{"embeddable":true,"href":"https:\/\/vdprofesional.com\/index.php\/wp-json\/wp\/v2\/users\/1"}],"replies":[{"embeddable":true,"href":"https:\/\/vdprofesional.com\/index.php\/wp-json\/wp\/v2\/comments?post=11"}],"version-history":[{"count":87,"href":"https:\/\/vdprofesional.com\/index.php\/wp-json\/wp\/v2\/pages\/11\/revisions"}],"predecessor-version":[{"id":3479,"href":"https:\/\/vdprofesional.com\/index.php\/wp-json\/wp\/v2\/pages\/11\/revisions\/3479"}],"wp:attachment":[{"href":"https:\/\/vdprofesional.com\/index.php\/wp-json\/wp\/v2\/media?parent=11"}],"curies":[{"name":"wp","href":"https:\/\/api.w.org\/{rel}","templated":true}]}}