{"id":2850,"date":"2024-10-16T20:52:28","date_gmt":"2024-10-16T20:52:28","guid":{"rendered":"https:\/\/vdprofesional.com\/?page_id=2850"},"modified":"2024-12-05T12:35:15","modified_gmt":"2024-12-05T12:35:15","slug":"imovina-fizickih-lica","status":"publish","type":"page","link":"https:\/\/vdprofesional.com\/index.php\/imovina-fizickih-lica\/","title":{"rendered":"Imovina fizi\u010dkih lica"},"content":{"rendered":"\t\t<div data-elementor-type=\"wp-page\" data-elementor-id=\"2850\" class=\"elementor elementor-2850\">\n\t\t\t\t\t\t<section class=\"elementor-section elementor-top-section elementor-element elementor-element-b78ce4e elementor-section-content-middle elementor-section-boxed elementor-section-height-default elementor-section-height-default\" data-id=\"b78ce4e\" data-element_type=\"section\" data-e-type=\"section\" data-settings=\"{&quot;background_background&quot;:&quot;classic&quot;}\">\n\t\t\t\t\t\t<div class=\"elementor-container elementor-column-gap-default\">\n\t\t\t\t\t<div class=\"elementor-column elementor-col-50 elementor-top-column elementor-element elementor-element-845c1ff\" data-id=\"845c1ff\" data-element_type=\"column\" data-e-type=\"column\">\n\t\t\t<div class=\"elementor-widget-wrap elementor-element-populated\">\n\t\t\t\t\t\t<div class=\"elementor-element elementor-element-2a63bd5 elementor-widget__width-initial elementor-widget-tablet__width-inherit elementor-widget-mobile__width-inherit elementor-widget elementor-widget-heading\" data-id=\"2a63bd5\" data-element_type=\"widget\" data-e-type=\"widget\" data-widget_type=\"heading.default\">\n\t\t\t\t<div class=\"elementor-widget-container\">\n\t\t\t\t\t<h2 class=\"elementor-heading-title elementor-size-default\">Osiguranje imovine fizi\u010dkih lica<\/h2>\t\t\t\t<\/div>\n\t\t\t\t<\/div>\n\t\t\t\t<div class=\"elementor-element elementor-element-26ef604 elementor-icon-list--layout-traditional elementor-list-item-link-full_width elementor-widget elementor-widget-icon-list\" data-id=\"26ef604\" data-element_type=\"widget\" data-e-type=\"widget\" data-widget_type=\"icon-list.default\">\n\t\t\t\t<div class=\"elementor-widget-container\">\n\t\t\t\t\t\t\t<ul class=\"elementor-icon-list-items\">\n\t\t\t\t\t\t\t<li class=\"elementor-icon-list-item\">\n\t\t\t\t\t\t\t\t\t\t\t<span class=\"elementor-icon-list-icon\">\n\t\t\t\t\t\t\t<svg aria-hidden=\"true\" class=\"e-font-icon-svg e-fas-check-circle\" viewBox=\"0 0 512 512\" xmlns=\"http:\/\/www.w3.org\/2000\/svg\"><path d=\"M504 256c0 136.967-111.033 248-248 248S8 392.967 8 256 119.033 8 256 8s248 111.033 248 248zM227.314 387.314l184-184c6.248-6.248 6.248-16.379 0-22.627l-22.627-22.627c-6.248-6.249-16.379-6.249-22.628 0L216 308.118l-70.059-70.059c-6.248-6.248-16.379-6.248-22.628 0l-22.627 22.627c-6.248 6.248-6.248 16.379 0 22.627l104 104c6.249 6.249 16.379 6.249 22.628.001z\"><\/path><\/svg>\t\t\t\t\t\t<\/span>\n\t\t\t\t\t\t\t\t\t\t<span class=\"elementor-icon-list-text\">Mogu\u0107nost ugovaranja all risk polise   (va\u0161a nekretnina pokrivena od svih rizika kao i neimenovanih opasnosti)<\/span>\n\t\t\t\t\t\t\t\t\t<\/li>\n\t\t\t\t\t\t\t\t<li class=\"elementor-icon-list-item\">\n\t\t\t\t\t\t\t\t\t\t\t<span class=\"elementor-icon-list-icon\">\n\t\t\t\t\t\t\t<svg aria-hidden=\"true\" class=\"e-font-icon-svg e-fas-check-circle\" viewBox=\"0 0 512 512\" xmlns=\"http:\/\/www.w3.org\/2000\/svg\"><path d=\"M504 256c0 136.967-111.033 248-248 248S8 392.967 8 256 119.033 8 256 8s248 111.033 248 248zM227.314 387.314l184-184c6.248-6.248 6.248-16.379 0-22.627l-22.627-22.627c-6.248-6.249-16.379-6.249-22.628 0L216 308.118l-70.059-70.059c-6.248-6.248-16.379-6.248-22.628 0l-22.627 22.627c-6.248 6.248-6.248 16.379 0 22.627l104 104c6.249 6.249 16.379 6.249 22.628.001z\"><\/path><\/svg>\t\t\t\t\t\t<\/span>\n\t\t\t\t\t\t\t\t\t\t<span class=\"elementor-icon-list-text\">Kod osiguranja imovine za fizi\u010dka lica nisu potrebni papiri gra\u0111evinske i upotrebne dozvole niti list nepokretnosti.<\/span>\n\t\t\t\t\t\t\t\t\t<\/li>\n\t\t\t\t\t\t<\/ul>\n\t\t\t\t\t\t<\/div>\n\t\t\t\t<\/div>\n\t\t\t\t\t<\/div>\n\t\t<\/div>\n\t\t\t\t<div class=\"elementor-column elementor-col-50 elementor-top-column elementor-element elementor-element-fdf0de1\" data-id=\"fdf0de1\" data-element_type=\"column\" data-e-type=\"column\">\n\t\t\t<div class=\"elementor-widget-wrap elementor-element-populated\">\n\t\t\t\t\t\t<div class=\"elementor-element elementor-element-ec1c1b8 elementor-widget elementor-widget-image-noxiy\" data-id=\"ec1c1b8\" data-element_type=\"widget\" data-e-type=\"widget\" data-widget_type=\"image-noxiy.default\">\n\t\t\t\t<div class=\"elementor-widget-container\">\n\t\t\t\t\t\r\n\r\n        \r\n\r\n        \r\n            <div class=\"who__area-right\">\r\n                <div class=\"who__area-right-image t-right\">\r\n                    <img decoding=\"async\" class=\"who__area-right-image-shape\" src=\"https:\/\/noxiy.themeori.net\/wp-content\/uploads\/2023\/07\/who.png\" alt=\"No alt text\" \/>\r\n                    <img decoding=\"async\" class=\"who__area-right-image-shape-one left-right-animate\" src=\"https:\/\/noxiy.themeori.net\/wp-content\/uploads\/2023\/07\/who-1.png\" alt=\"No alt text\" \/>\r\n                    <div class=\"image-overlay dark__image\">\r\n                        <img decoding=\"async\" src=\"https:\/\/vdprofesional.com\/wp-content\/uploads\/2024\/10\/zastita-imovine-2.png\" alt=\"No alt text\" \/>                    <\/div>\r\n                    <div class=\"image-overlay dark__image\">\r\n                        <img decoding=\"async\" src=\"https:\/\/vdprofesional.com\/wp-content\/uploads\/2024\/10\/zastita-imovine.png\" alt=\"No alt text\" \/>                    <\/div>\r\n                <\/div>\r\n            <\/div>\r\n\r\n        \r\n\r\n        \r\n\r\n        \r\n\r\n        \r\n\r\n                \r\n\r\n\r\n                \r\n\r\n\r\n        \r\n\r\n        \r\n        \r\n         \r\n        \r\n        \r\n          \r\n        \r\n\r\n\r\n        \t\t\t\t<\/div>\n\t\t\t\t<\/div>\n\t\t\t\t\t<\/div>\n\t\t<\/div>\n\t\t\t\t\t<\/div>\n\t\t<\/section>\n\t\t\t\t<section class=\"elementor-section elementor-top-section elementor-element elementor-element-789422a elementor-section-boxed elementor-section-height-default elementor-section-height-default\" data-id=\"789422a\" data-element_type=\"section\" data-e-type=\"section\" data-settings=\"{&quot;background_background&quot;:&quot;classic&quot;}\">\n\t\t\t\t\t\t<div class=\"elementor-container elementor-column-gap-no\">\n\t\t\t\t\t<div class=\"elementor-column elementor-col-100 elementor-top-column elementor-element elementor-element-3a202dd\" data-id=\"3a202dd\" data-element_type=\"column\" data-e-type=\"column\">\n\t\t\t<div class=\"elementor-widget-wrap elementor-element-populated\">\n\t\t\t\t\t\t<div class=\"elementor-element elementor-element-a98d808 elementor-widget__width-initial elementor-widget elementor-widget-services_noxiy\" data-id=\"a98d808\" data-element_type=\"widget\" data-e-type=\"widget\" data-widget_type=\"services_noxiy.default\">\n\t\t\t\t<div class=\"elementor-widget-container\">\n\t\t\t\t\t\r\n        \r\n                    <div class=\"services__one-item m-0\">\r\n                <div class=\"services__one-item-image\">\r\n                    <img decoding=\"async\" src=\"https:\/\/vdprofesional.com\/wp-content\/uploads\/2024\/10\/zemljotres.png\" alt=\"No alt text\" \/>                <\/div>\r\n                <div class=\"services__one-item-content\">\r\n                    <div class=\"services__one-item-content-icon\">\r\n                        <i class=\"flaticon flaticon-earthquake\"><\/i>\r\n                    <\/div>\r\n                    <h4><a href=\"\">OSIGURANJE OD ZEMLJOTRESA<\/a>\r\n                    <\/h4>\r\n                    <p>\r\n                                            <\/p>\r\n                    <a href=\"\">\r\n                        <p>\r\n                                                    <\/p><i class=\"fas fa-long-arrow-right\"><\/i>\r\n                    <\/a>\r\n                <\/div>\r\n            <\/div>\r\n        \r\n\r\n        \r\n        \r\n        \t\t\t\t<\/div>\n\t\t\t\t<\/div>\n\t\t\t\t<div class=\"elementor-element elementor-element-4375606 elementor-widget__width-initial elementor-widget elementor-widget-services_noxiy\" data-id=\"4375606\" data-element_type=\"widget\" data-e-type=\"widget\" data-widget_type=\"services_noxiy.default\">\n\t\t\t\t<div class=\"elementor-widget-container\">\n\t\t\t\t\t\r\n        \r\n                    <div class=\"services__one-item m-0\">\r\n                <div class=\"services__one-item-image\">\r\n                    <img decoding=\"async\" src=\"https:\/\/vdprofesional.com\/wp-content\/uploads\/2024\/10\/Kuca.png\" alt=\"No alt text\" \/>                <\/div>\r\n                <div class=\"services__one-item-content\">\r\n                    <div class=\"services__one-item-content-icon\">\r\n                        <i class=\"flaticon flaticon-flood\"><\/i>\r\n                    <\/div>\r\n                    <h4><a href=\"\">OSIGURANJE KU\u0106E, STANA I VIKENDICE<\/a>\r\n                    <\/h4>\r\n                    <p>\r\n                                            <\/p>\r\n                    <a href=\"\">\r\n                        <p>\r\n                                                    <\/p><i class=\"fas fa-long-arrow-right\"><\/i>\r\n                    <\/a>\r\n                <\/div>\r\n            <\/div>\r\n        \r\n\r\n        \r\n        \r\n        \t\t\t\t<\/div>\n\t\t\t\t<\/div>\n\t\t\t\t<div class=\"elementor-element elementor-element-5ad3bab elementor-widget__width-initial elementor-widget elementor-widget-services_noxiy\" data-id=\"5ad3bab\" data-element_type=\"widget\" data-e-type=\"widget\" data-widget_type=\"services_noxiy.default\">\n\t\t\t\t<div class=\"elementor-widget-container\">\n\t\t\t\t\t\r\n        \r\n                    <div class=\"services__one-item m-0\">\r\n                <div class=\"services__one-item-image\">\r\n                    <img decoding=\"async\" src=\"https:\/\/vdprofesional.com\/wp-content\/uploads\/2024\/10\/zemljoradnicka.png\" alt=\"No alt text\" \/>                <\/div>\r\n                <div class=\"services__one-item-content\">\r\n                    <div class=\"services__one-item-content-icon\">\r\n                        <i class=\"flaticon flaticon-farmhouse\"><\/i>\r\n                    <\/div>\r\n                    <h4><a href=\"\">OSIGURANJE POLJOPRIVREDNOG GAZDINSTVA<\/a>\r\n                    <\/h4>\r\n                    <p>\r\n                                            <\/p>\r\n                    <a href=\"\">\r\n                        <p>\r\n                                                    <\/p><i class=\"fas fa-long-arrow-right\"><\/i>\r\n                    <\/a>\r\n                <\/div>\r\n            <\/div>\r\n        \r\n\r\n        \r\n        \r\n        \t\t\t\t<\/div>\n\t\t\t\t<\/div>\n\t\t\t\t\t<\/div>\n\t\t<\/div>\n\t\t\t\t\t<\/div>\n\t\t<\/section>\n\t\t\t\t<\/div>\n\t\t","protected":false},"excerpt":{"rendered":"<p>Osiguranje imovine fizi\u010dkih lica Mogu\u0107nost ugovaranja all risk polise (va\u0161a nekretnina pokrivena od svih rizika kao i neimenovanih opasnosti) Kod osiguranja imovine za fizi\u010dka lica nisu potrebni papiri gra\u0111evinske i upotrebne dozvole niti list nepokretnosti. OSIGURANJE OD ZEMLJOTRESA OSIGURANJE KU\u0106E, STANA I VIKENDICE OSIGURANJE POLJOPRIVREDNOG GAZDINSTVA<\/p>\n","protected":false},"author":1,"featured_media":0,"parent":0,"menu_order":0,"comment_status":"closed","ping_status":"closed","template":"page-builder.php","meta":{"footnotes":""},"class_list":["post-2850","page","type-page","status-publish","hentry"],"_links":{"self":[{"href":"https:\/\/vdprofesional.com\/index.php\/wp-json\/wp\/v2\/pages\/2850","targetHints":{"allow":["GET"]}}],"collection":[{"href":"https:\/\/vdprofesional.com\/index.php\/wp-json\/wp\/v2\/pages"}],"about":[{"href":"https:\/\/vdprofesional.com\/index.php\/wp-json\/wp\/v2\/types\/page"}],"author":[{"embeddable":true,"href":"https:\/\/vdprofesional.com\/index.php\/wp-json\/wp\/v2\/users\/1"}],"replies":[{"embeddable":true,"href":"https:\/\/vdprofesional.com\/index.php\/wp-json\/wp\/v2\/comments?post=2850"}],"version-history":[{"count":22,"href":"https:\/\/vdprofesional.com\/index.php\/wp-json\/wp\/v2\/pages\/2850\/revisions"}],"predecessor-version":[{"id":3249,"href":"https:\/\/vdprofesional.com\/index.php\/wp-json\/wp\/v2\/pages\/2850\/revisions\/3249"}],"wp:attachment":[{"href":"https:\/\/vdprofesional.com\/index.php\/wp-json\/wp\/v2\/media?parent=2850"}],"curies":[{"name":"wp","href":"https:\/\/api.w.org\/{rel}","templated":true}]}}