{"id":42,"date":"2023-07-17T14:25:47","date_gmt":"2023-07-17T14:25:47","guid":{"rendered":"http:\/\/noxiy.local\/?page_id=42"},"modified":"2025-12-07T12:46:45","modified_gmt":"2025-12-07T12:46:45","slug":"pojedinci-i-porodicno-osiguranje","status":"publish","type":"page","link":"https:\/\/vdprofesional.com\/index.php\/pojedinci-i-porodicno-osiguranje\/","title":{"rendered":"Pojedinci i porodi\u010dno osiguranje"},"content":{"rendered":"\t\t<div data-elementor-type=\"wp-page\" data-elementor-id=\"42\" class=\"elementor elementor-42\">\n\t\t\t\t\t\t<section class=\"elementor-section elementor-top-section elementor-element elementor-element-789422a elementor-section-boxed elementor-section-height-default elementor-section-height-default\" data-id=\"789422a\" data-element_type=\"section\" data-e-type=\"section\" data-settings=\"{&quot;background_background&quot;:&quot;classic&quot;}\">\n\t\t\t\t\t\t<div class=\"elementor-container elementor-column-gap-no\">\n\t\t\t\t\t<div class=\"elementor-column elementor-col-100 elementor-top-column elementor-element elementor-element-3a202dd\" data-id=\"3a202dd\" data-element_type=\"column\" data-e-type=\"column\">\n\t\t\t<div class=\"elementor-widget-wrap elementor-element-populated\">\n\t\t\t\t\t\t<div class=\"elementor-element elementor-element-5f927c3 elementor-widget elementor-widget-heading\" data-id=\"5f927c3\" data-element_type=\"widget\" data-e-type=\"widget\" data-widget_type=\"heading.default\">\n\t\t\t\t<div class=\"elementor-widget-container\">\n\t\t\t\t\t<h2 class=\"elementor-heading-title elementor-size-default\">\u017dIVOTNO OSIGURANJE <\/h2>\t\t\t\t<\/div>\n\t\t\t\t<\/div>\n\t\t\t\t<div class=\"elementor-element elementor-element-73fa41b elementor-widget elementor-widget-spacer\" data-id=\"73fa41b\" data-element_type=\"widget\" data-e-type=\"widget\" data-widget_type=\"spacer.default\">\n\t\t\t\t<div class=\"elementor-widget-container\">\n\t\t\t\t\t\t\t<div class=\"elementor-spacer\">\n\t\t\t<div class=\"elementor-spacer-inner\"><\/div>\n\t\t<\/div>\n\t\t\t\t\t\t<\/div>\n\t\t\t\t<\/div>\n\t\t\t\t<div class=\"elementor-element elementor-element-5ad3bab elementor-widget__width-initial elementor-widget elementor-widget-services_noxiy\" data-id=\"5ad3bab\" data-element_type=\"widget\" data-e-type=\"widget\" data-widget_type=\"services_noxiy.default\">\n\t\t\t\t<div class=\"elementor-widget-container\">\n\t\t\t\t\t\r\n        \r\n                    <div class=\"services__one-item m-0\">\r\n                <div class=\"services__one-item-image\">\r\n                    <img decoding=\"async\" src=\"https:\/\/vdprofesional.com\/wp-content\/uploads\/2023\/07\/life-insurance-3.jpg\" alt=\"No alt text\" \/>                <\/div>\r\n                <div class=\"services__one-item-content\">\r\n                    <div class=\"services__one-item-content-icon\">\r\n                        <i class=\"flaticon flaticon-healthcare\"><\/i>\r\n                    <\/div>\r\n                    <h4><a href=\"\">\u017dIVOTNO OSIGURANJE SA POKRI\u0106EM TE\u0160KIH BOLESTI I (SA \u0160TEDNJOM)<\/a>\r\n                    <\/h4>\r\n                    <p>\r\n                                            <\/p>\r\n                    <a href=\"\">\r\n                        <p>\r\n                                                    <\/p><i class=\"fas fa-long-arrow-right\"><\/i>\r\n                    <\/a>\r\n                <\/div>\r\n            <\/div>\r\n        \r\n\r\n        \r\n        \r\n        \t\t\t\t<\/div>\n\t\t\t\t<\/div>\n\t\t\t\t<div class=\"elementor-element elementor-element-cdaee74 elementor-widget__width-initial elementor-widget elementor-widget-services_noxiy\" data-id=\"cdaee74\" data-element_type=\"widget\" data-e-type=\"widget\" data-widget_type=\"services_noxiy.default\">\n\t\t\t\t<div class=\"elementor-widget-container\">\n\t\t\t\t\t\r\n        \r\n                    <div class=\"services__one-item m-0\">\r\n                <div class=\"services__one-item-image\">\r\n                    <img decoding=\"async\" src=\"https:\/\/vdprofesional.com\/wp-content\/uploads\/2023\/07\/life-insurance-1.jpg\" alt=\"No alt text\" \/>                <\/div>\r\n                <div class=\"services__one-item-content\">\r\n                    <div class=\"services__one-item-content-icon\">\r\n                        <i class=\"flaticon flaticon-family\"><\/i>\r\n                    <\/div>\r\n                    <h4><a href=\"\">DJE\u010cIJA \u0160TEDNJA SA OSIGURANJEM OD NEZGODE (MAKSIMALNO ZA VA\u0160E DIJETE)<\/a>\r\n                    <\/h4>\r\n                    <p>\r\n                                            <\/p>\r\n                    <a href=\"\">\r\n                        <p>\r\n                                                    <\/p><i class=\"fas fa-long-arrow-right\"><\/i>\r\n                    <\/a>\r\n                <\/div>\r\n            <\/div>\r\n        \r\n\r\n        \r\n        \r\n        \t\t\t\t<\/div>\n\t\t\t\t<\/div>\n\t\t\t\t<div class=\"elementor-element elementor-element-6fb5d95 elementor-widget__width-initial elementor-widget elementor-widget-services_noxiy\" data-id=\"6fb5d95\" data-element_type=\"widget\" data-e-type=\"widget\" data-widget_type=\"services_noxiy.default\">\n\t\t\t\t<div class=\"elementor-widget-container\">\n\t\t\t\t\t\r\n        \r\n                    <div class=\"services__one-item m-0\">\r\n                <div class=\"services__one-item-image\">\r\n                    <img decoding=\"async\" src=\"https:\/\/vdprofesional.com\/wp-content\/uploads\/2023\/07\/liability-insurance-1.jpg\" alt=\"No alt text\" \/>                <\/div>\r\n                <div class=\"services__one-item-content\">\r\n                    <div class=\"services__one-item-content-icon\">\r\n                        <i class=\"flaticon flaticon-insurance\"><\/i>\r\n                    <\/div>\r\n                    <h4><a href=\"\">OSIGURANJE DEPOZITA - ORO\u010cENA \u0160TEDNJA \u2013 JEDNOKRATNA UPLATA<\/a>\r\n                    <\/h4>\r\n                    <p>\r\n                                            <\/p>\r\n                    <a href=\"\">\r\n                        <p>\r\n                                                    <\/p><i class=\"fas fa-long-arrow-right\"><\/i>\r\n                    <\/a>\r\n                <\/div>\r\n            <\/div>\r\n        \r\n\r\n        \r\n        \r\n        \t\t\t\t<\/div>\n\t\t\t\t<\/div>\n\t\t\t\t<div class=\"elementor-element elementor-element-a98d808 elementor-widget__width-initial elementor-widget elementor-widget-services_noxiy\" data-id=\"a98d808\" data-element_type=\"widget\" data-e-type=\"widget\" data-widget_type=\"services_noxiy.default\">\n\t\t\t\t<div class=\"elementor-widget-container\">\n\t\t\t\t\t\r\n        \r\n                    <div class=\"services__one-item m-0\">\r\n                <div class=\"services__one-item-image\">\r\n                    <img decoding=\"async\" src=\"https:\/\/vdprofesional.com\/wp-content\/uploads\/2023\/07\/cyber-insurance.jpg\" alt=\"No alt text\" \/>                <\/div>\r\n                <div class=\"services__one-item-content\">\r\n                    <div class=\"services__one-item-content-icon\">\r\n                        <i class=\"flaticon flaticon-project-management\"><\/i>\r\n                    <\/div>\r\n                    <h4><a href=\"\">RENTNO OSIGURANJE<\/a>\r\n                    <\/h4>\r\n                    <p>\r\n                                            <\/p>\r\n                    <a href=\"\">\r\n                        <p>\r\n                                                    <\/p><i class=\"fas fa-long-arrow-right\"><\/i>\r\n                    <\/a>\r\n                <\/div>\r\n            <\/div>\r\n        \r\n\r\n        \r\n        \r\n        \t\t\t\t<\/div>\n\t\t\t\t<\/div>\n\t\t\t\t<div class=\"elementor-element elementor-element-4375606 elementor-widget__width-initial elementor-widget elementor-widget-services_noxiy\" data-id=\"4375606\" data-element_type=\"widget\" data-e-type=\"widget\" data-widget_type=\"services_noxiy.default\">\n\t\t\t\t<div class=\"elementor-widget-container\">\n\t\t\t\t\t\r\n        \r\n                    <div class=\"services__one-item m-0\">\r\n                <div class=\"services__one-item-image\">\r\n                    <img decoding=\"async\" src=\"https:\/\/vdprofesional.com\/wp-content\/uploads\/2023\/07\/life-insurance-2.jpg\" alt=\"No alt text\" \/>                <\/div>\r\n                <div class=\"services__one-item-content\">\r\n                    <div class=\"services__one-item-content-icon\">\r\n                        <i class=\"flaticon flaticon-car-insurance\"><\/i>\r\n                    <\/div>\r\n                    <h4><a href=\"\">RIZIKO \u017dIVOTNO OSIGURANJE ZA NASTUP BILO KAKVE SMRTI (BEZ \u0160TEDNJE)<\/a>\r\n                    <\/h4>\r\n                    <p>\r\n                                            <\/p>\r\n                    <a href=\"\">\r\n                        <p>\r\n                                                    <\/p><i class=\"fas fa-long-arrow-right\"><\/i>\r\n                    <\/a>\r\n                <\/div>\r\n            <\/div>\r\n        \r\n\r\n        \r\n        \r\n        \t\t\t\t<\/div>\n\t\t\t\t<\/div>\n\t\t\t\t<div class=\"elementor-element elementor-element-3ea567d elementor-widget__width-initial elementor-widget elementor-widget-services_noxiy\" data-id=\"3ea567d\" data-element_type=\"widget\" data-e-type=\"widget\" data-widget_type=\"services_noxiy.default\">\n\t\t\t\t<div class=\"elementor-widget-container\">\n\t\t\t\t\t\r\n        \r\n                    <div class=\"services__one-item m-0\">\r\n                <div class=\"services__one-item-image\">\r\n                    <img decoding=\"async\" src=\"https:\/\/vdprofesional.com\/wp-content\/uploads\/2023\/07\/life-insurance-4.jpg\" alt=\"No alt text\" \/>                <\/div>\r\n                <div class=\"services__one-item-content\">\r\n                    <div class=\"services__one-item-content-icon\">\r\n                        <i class=\"flaticon flaticon-home-insurance\"><\/i>\r\n                    <\/div>\r\n                    <h4><a href=\"\">\u0160TEDNO OSIGURANJE KROZ INVESTICIONE FONDOVE<\/a>\r\n                    <\/h4>\r\n                    <p>\r\n                                            <\/p>\r\n                    <a href=\"\">\r\n                        <p>\r\n                                                    <\/p><i class=\"fas fa-long-arrow-right\"><\/i>\r\n                    <\/a>\r\n                <\/div>\r\n            <\/div>\r\n        \r\n\r\n        \r\n        \r\n        \t\t\t\t<\/div>\n\t\t\t\t<\/div>\n\t\t\t\t<div class=\"elementor-element elementor-element-78bf85e elementor-widget elementor-widget-spacer\" data-id=\"78bf85e\" data-element_type=\"widget\" data-e-type=\"widget\" data-widget_type=\"spacer.default\">\n\t\t\t\t<div class=\"elementor-widget-container\">\n\t\t\t\t\t\t\t<div class=\"elementor-spacer\">\n\t\t\t<div class=\"elementor-spacer-inner\"><\/div>\n\t\t<\/div>\n\t\t\t\t\t\t<\/div>\n\t\t\t\t<\/div>\n\t\t\t\t<div class=\"elementor-element elementor-element-a1d4624 elementor-widget elementor-widget-heading\" data-id=\"a1d4624\" data-element_type=\"widget\" data-e-type=\"widget\" data-widget_type=\"heading.default\">\n\t\t\t\t<div class=\"elementor-widget-container\">\n\t\t\t\t\t<h2 class=\"elementor-heading-title elementor-size-default\">ZDRAVSTVENO OSIGURANJE<\/h2>\t\t\t\t<\/div>\n\t\t\t\t<\/div>\n\t\t\t\t<div class=\"elementor-element elementor-element-e28df94 elementor-widget elementor-widget-spacer\" data-id=\"e28df94\" data-element_type=\"widget\" data-e-type=\"widget\" data-widget_type=\"spacer.default\">\n\t\t\t\t<div class=\"elementor-widget-container\">\n\t\t\t\t\t\t\t<div class=\"elementor-spacer\">\n\t\t\t<div class=\"elementor-spacer-inner\"><\/div>\n\t\t<\/div>\n\t\t\t\t\t\t<\/div>\n\t\t\t\t<\/div>\n\t\t\t\t<div class=\"elementor-element elementor-element-579192e elementor-widget__width-initial elementor-widget elementor-widget-services_noxiy\" data-id=\"579192e\" data-element_type=\"widget\" data-e-type=\"widget\" data-widget_type=\"services_noxiy.default\">\n\t\t\t\t<div class=\"elementor-widget-container\">\n\t\t\t\t\t\r\n        \r\n                    <div class=\"services__one-item m-0\">\r\n                <div class=\"services__one-item-image\">\r\n                    <img decoding=\"async\" src=\"https:\/\/vdprofesional.com\/wp-content\/uploads\/2024\/10\/Untitled-design.pngu_.png\" alt=\"No alt text\" \/>                <\/div>\r\n                <div class=\"services__one-item-content\">\r\n                    <div class=\"services__one-item-content-icon\">\r\n                        <i class=\"flaticon flaticon-healthcare\"><\/i>\r\n                    <\/div>\r\n                    <h4><a href=\"\">OSIGURANJE OD TE\u0160KIH BOLESTI<\/a>\r\n                    <\/h4>\r\n                    <p>\r\n                                            <\/p>\r\n                    <a href=\"\">\r\n                        <p>\r\n                                                    <\/p><i class=\"fas fa-long-arrow-right\"><\/i>\r\n                    <\/a>\r\n                <\/div>\r\n            <\/div>\r\n        \r\n\r\n        \r\n        \r\n        \t\t\t\t<\/div>\n\t\t\t\t<\/div>\n\t\t\t\t<div class=\"elementor-element elementor-element-3f4a902 elementor-widget__width-initial elementor-widget elementor-widget-services_noxiy\" data-id=\"3f4a902\" data-element_type=\"widget\" data-e-type=\"widget\" data-widget_type=\"services_noxiy.default\">\n\t\t\t\t<div class=\"elementor-widget-container\">\n\t\t\t\t\t\r\n        \r\n                    <div class=\"services__one-item m-0\">\r\n                <div class=\"services__one-item-image\">\r\n                    <img decoding=\"async\" src=\"https:\/\/vdprofesional.com\/wp-content\/uploads\/2024\/10\/boln.png\" alt=\"No alt text\" \/>                <\/div>\r\n                <div class=\"services__one-item-content\">\r\n                    <div class=\"services__one-item-content-icon\">\r\n                        <i class=\"flaticon flaticon-family\"><\/i>\r\n                    <\/div>\r\n                    <h4><a href=\"\">OSIGURANJE ZA SLU\u010cAJ HIRUR\u0160KIH OPERACIJA<\/a>\r\n                    <\/h4>\r\n                    <p>\r\n                                            <\/p>\r\n                    <a href=\"\">\r\n                        <p>\r\n                                                    <\/p><i class=\"fas fa-long-arrow-right\"><\/i>\r\n                    <\/a>\r\n                <\/div>\r\n            <\/div>\r\n        \r\n\r\n        \r\n        \r\n        \t\t\t\t<\/div>\n\t\t\t\t<\/div>\n\t\t\t\t<div class=\"elementor-element elementor-element-d0381c9 elementor-widget__width-initial elementor-widget elementor-widget-services_noxiy\" data-id=\"d0381c9\" data-element_type=\"widget\" data-e-type=\"widget\" data-widget_type=\"services_noxiy.default\">\n\t\t\t\t<div class=\"elementor-widget-container\">\n\t\t\t\t\t\r\n        \r\n                    <div class=\"services__one-item m-0\">\r\n                <div class=\"services__one-item-image\">\r\n                    <img decoding=\"async\" src=\"https:\/\/vdprofesional.com\/wp-content\/uploads\/2024\/10\/put.png\" alt=\"No alt text\" \/>                <\/div>\r\n                <div class=\"services__one-item-content\">\r\n                    <div class=\"services__one-item-content-icon\">\r\n                        <i class=\"flaticon flaticon-travel\"><\/i>\r\n                    <\/div>\r\n                    <h4><a href=\"\">PUTNO ZDRAVSTVENO OSIGURANJE<\/a>\r\n                    <\/h4>\r\n                    <p>\r\n                                            <\/p>\r\n                    <a href=\"\">\r\n                        <p>\r\n                                                    <\/p><i class=\"fas fa-long-arrow-right\"><\/i>\r\n                    <\/a>\r\n                <\/div>\r\n            <\/div>\r\n        \r\n\r\n        \r\n        \r\n        \t\t\t\t<\/div>\n\t\t\t\t<\/div>\n\t\t\t\t<div class=\"elementor-element elementor-element-3220fe4 elementor-widget__width-initial elementor-widget elementor-widget-services_noxiy\" data-id=\"3220fe4\" data-element_type=\"widget\" data-e-type=\"widget\" data-widget_type=\"services_noxiy.default\">\n\t\t\t\t<div class=\"elementor-widget-container\">\n\t\t\t\t\t\r\n        \r\n                    <div class=\"services__one-item m-0\">\r\n                <div class=\"services__one-item-image\">\r\n                    <img decoding=\"async\" src=\"https:\/\/vdprofesional.com\/wp-content\/uploads\/2024\/10\/Putno-zdravstveno-za-strance.png\" alt=\"No alt text\" \/>                <\/div>\r\n                <div class=\"services__one-item-content\">\r\n                    <div class=\"services__one-item-content-icon\">\r\n                        <i class=\"flaticon flaticon-car-insurance\"><\/i>\r\n                    <\/div>\r\n                    <h4><a href=\"\">PUTNO OSIGURANJE ZA STRANCE<\/a>\r\n                    <\/h4>\r\n                    <p>\r\n                                            <\/p>\r\n                    <a href=\"\">\r\n                        <p>\r\n                                                    <\/p><i class=\"fas fa-long-arrow-right\"><\/i>\r\n                    <\/a>\r\n                <\/div>\r\n            <\/div>\r\n        \r\n\r\n        \r\n        \r\n        \t\t\t\t<\/div>\n\t\t\t\t<\/div>\n\t\t\t\t<div class=\"elementor-element elementor-element-49e36f9 elementor-widget__width-initial elementor-widget elementor-widget-services_noxiy\" data-id=\"49e36f9\" data-element_type=\"widget\" data-e-type=\"widget\" data-widget_type=\"services_noxiy.default\">\n\t\t\t\t<div class=\"elementor-widget-container\">\n\t\t\t\t\t\r\n        \r\n                    <div class=\"services__one-item m-0\">\r\n                <div class=\"services__one-item-image\">\r\n                    <img decoding=\"async\" src=\"https:\/\/vdprofesional.com\/wp-content\/uploads\/2024\/10\/Fond-polise.png\" alt=\"No alt text\" \/>                <\/div>\r\n                <div class=\"services__one-item-content\">\r\n                    <div class=\"services__one-item-content-icon\">\r\n                        <i class=\"flaticon flaticon-insurance\"><\/i>\r\n                    <\/div>\r\n                    <h4><a href=\"\">FOND POLISE<\/a>\r\n                    <\/h4>\r\n                    <p>\r\n                                            <\/p>\r\n                    <a href=\"\">\r\n                        <p>\r\n                                                    <\/p><i class=\"fas fa-long-arrow-right\"><\/i>\r\n                    <\/a>\r\n                <\/div>\r\n            <\/div>\r\n        \r\n\r\n        \r\n        \r\n        \t\t\t\t<\/div>\n\t\t\t\t<\/div>\n\t\t\t\t\t<\/div>\n\t\t<\/div>\n\t\t\t\t\t<\/div>\n\t\t<\/section>\n\t\t\t\t<\/div>\n\t\t","protected":false},"excerpt":{"rendered":"<p>\u017dIVOTNO OSIGURANJE \u017dIVOTNO OSIGURANJE SA POKRI\u0106EM TE\u0160KIH BOLESTI I (SA \u0160TEDNJOM) DJE\u010cIJA \u0160TEDNJA SA OSIGURANJEM OD NEZGODE (MAKSIMALNO ZA VA\u0160E DIJETE) OSIGURANJE DEPOZITA &#8211; ORO\u010cENA \u0160TEDNJA \u2013 JEDNOKRATNA UPLATA RENTNO OSIGURANJE RIZIKO \u017dIVOTNO OSIGURANJE ZA NASTUP BILO KAKVE SMRTI (BEZ \u0160TEDNJE) \u0160TEDNO OSIGURANJE KROZ INVESTICIONE FONDOVE ZDRAVSTVENO OSIGURANJE OSIGURANJE OD TE\u0160KIH BOLESTI OSIGURANJE ZA SLU\u010cAJ [&hellip;]<\/p>\n","protected":false},"author":1,"featured_media":0,"parent":0,"menu_order":0,"comment_status":"closed","ping_status":"closed","template":"page-builder.php","meta":{"footnotes":""},"class_list":["post-42","page","type-page","status-publish","hentry"],"_links":{"self":[{"href":"https:\/\/vdprofesional.com\/index.php\/wp-json\/wp\/v2\/pages\/42","targetHints":{"allow":["GET"]}}],"collection":[{"href":"https:\/\/vdprofesional.com\/index.php\/wp-json\/wp\/v2\/pages"}],"about":[{"href":"https:\/\/vdprofesional.com\/index.php\/wp-json\/wp\/v2\/types\/page"}],"author":[{"embeddable":true,"href":"https:\/\/vdprofesional.com\/index.php\/wp-json\/wp\/v2\/users\/1"}],"replies":[{"embeddable":true,"href":"https:\/\/vdprofesional.com\/index.php\/wp-json\/wp\/v2\/comments?post=42"}],"version-history":[{"count":47,"href":"https:\/\/vdprofesional.com\/index.php\/wp-json\/wp\/v2\/pages\/42\/revisions"}],"predecessor-version":[{"id":3458,"href":"https:\/\/vdprofesional.com\/index.php\/wp-json\/wp\/v2\/pages\/42\/revisions\/3458"}],"wp:attachment":[{"href":"https:\/\/vdprofesional.com\/index.php\/wp-json\/wp\/v2\/media?parent=42"}],"curies":[{"name":"wp","href":"https:\/\/api.w.org\/{rel}","templated":true}]}}