{"id":47,"date":"2023-07-17T14:27:31","date_gmt":"2023-07-17T14:27:31","guid":{"rendered":"http:\/\/noxiy.local\/?page_id=47"},"modified":"2025-12-07T13:33:50","modified_gmt":"2025-12-07T13:33:50","slug":"cesta-pitanja","status":"publish","type":"page","link":"https:\/\/vdprofesional.com\/index.php\/cesta-pitanja\/","title":{"rendered":"\u010cesta pitanja"},"content":{"rendered":"\t\t<div data-elementor-type=\"wp-page\" data-elementor-id=\"47\" class=\"elementor elementor-47\">\n\t\t\t\t\t\t<section class=\"elementor-section elementor-top-section elementor-element elementor-element-c920806 elementor-section-boxed elementor-section-height-default elementor-section-height-default\" data-id=\"c920806\" data-element_type=\"section\" data-e-type=\"section\">\n\t\t\t\t\t\t<div class=\"elementor-container elementor-column-gap-default\">\n\t\t\t\t\t<div class=\"elementor-column elementor-col-50 elementor-top-column elementor-element elementor-element-388e0e0\" data-id=\"388e0e0\" data-element_type=\"column\" data-e-type=\"column\">\n\t\t\t<div class=\"elementor-widget-wrap elementor-element-populated\">\n\t\t\t\t\t\t<div class=\"elementor-element elementor-element-0a25da9 elementor-widget elementor-widget-image-noxiy\" data-id=\"0a25da9\" data-element_type=\"widget\" data-e-type=\"widget\" data-widget_type=\"image-noxiy.default\">\n\t\t\t\t<div class=\"elementor-widget-container\">\n\t\t\t\t\t\r\n\r\n        \r\n\r\n        \r\n\r\n        \r\n\r\n        \r\n\r\n        \r\n\r\n                \r\n\r\n\r\n        \r\n            <div class=\"faq__one-left\">\r\n                <div class=\"faq__one-left-image\">\r\n                    <div class=\"image-overlay\">\r\n                        <img decoding=\"async\" src=\"https:\/\/vdprofesional.com\/wp-content\/uploads\/2023\/07\/faq-1.jpg\" alt=\"No alt text\" \/>                    <\/div>\r\n                    <div class=\"image-overlay faq__one-left-image-one\">\r\n                        <img decoding=\"async\" src=\"https:\/\/vdprofesional.com\/wp-content\/uploads\/2023\/07\/faq-2.jpg\" alt=\"No alt text\" \/>                    <\/div>\r\n                    <div class=\"faq__one-left-image-question left-right-animate\">\r\n                        <div class=\"faq__one-left-image-question-icon\">\r\n                            <i class=\"flaticon-question-mark-1\"><\/i>\r\n                        <\/div>\r\n                        <h6>\r\n                            Tu smo da objasnimo sve \u0161to Vas interesuje                        <\/h6>\r\n                    <\/div>\r\n                <\/div>\r\n            <\/div>\r\n\r\n                \r\n\r\n\r\n        \r\n\r\n        \r\n        \r\n         \r\n        \r\n        \r\n          \r\n        \r\n\r\n\r\n        \t\t\t\t<\/div>\n\t\t\t\t<\/div>\n\t\t\t\t\t<\/div>\n\t\t<\/div>\n\t\t\t\t<div class=\"elementor-column elementor-col-50 elementor-top-column elementor-element elementor-element-fcc9020\" data-id=\"fcc9020\" data-element_type=\"column\" data-e-type=\"column\">\n\t\t\t<div class=\"elementor-widget-wrap elementor-element-populated\">\n\t\t\t\t\t\t<div class=\"elementor-element elementor-element-da19b3a elementor-widget elementor-widget-subtitle-noxiy\" data-id=\"da19b3a\" data-element_type=\"widget\" data-e-type=\"widget\" data-widget_type=\"subtitle-noxiy.default\">\n\t\t\t\t<div class=\"elementor-widget-container\">\n\t\t\t\t\t\r\n\r\n        <div class=\"subtitle-noxiy\">\r\n            <img decoding=\"async\" src=\"https:\/\/vdprofesional.com\/wp-content\/uploads\/2024\/10\/cropped-logo-crna-podloga_4x-removebg-preview.png\" alt=\"No alt text\" \/>            <span>\r\n                Pitali ste            <\/span>\r\n        <\/div>\r\n\r\n\r\n        \t\t\t\t<\/div>\n\t\t\t\t<\/div>\n\t\t\t\t<div class=\"elementor-element elementor-element-8e89f6b elementor-widget-tablet__width-inherit elementor-widget-mobile__width-inherit elementor-widget elementor-widget-heading\" data-id=\"8e89f6b\" data-element_type=\"widget\" data-e-type=\"widget\" data-widget_type=\"heading.default\">\n\t\t\t\t<div class=\"elementor-widget-container\">\n\t\t\t\t\t<h2 class=\"elementor-heading-title elementor-size-default\">Razjasnili smo nedoumice u vezi osiguranja<\/h2>\t\t\t\t<\/div>\n\t\t\t\t<\/div>\n\t\t\t\t<div class=\"elementor-element elementor-element-ca17925 elementor-widget elementor-widget-faq_noxiy\" data-id=\"ca17925\" data-element_type=\"widget\" data-e-type=\"widget\" data-widget_type=\"faq_noxiy.default\">\n\t\t\t\t<div class=\"elementor-widget-container\">\n\t\t\t\t\t\r\n\r\n        <div id=\"accordionExamplePage03\">\r\n                            <div class=\"faq__area-item\">\r\n                    <h6 class=\"icon page \" data-bs-toggle=\"collapse\"\r\n                        data-bs-target=\"#collapse003\">\u0160ta je osiguravaju\u0107a polisa ?<\/h6>\r\n                    <div id=\"collapse003\"\r\n                        class=\"faq__area-item-body collapse show \"\r\n                        data-bs-parent=\"#accordionExamplePage03\">\r\n                        <p>\r\n                            Polisa je zvani\u010dni dokument koji potvr\u0111uje zaklju\u010den ugovor o osiguranju, a izdaje je osigurava\u010d. Ovaj dokument potpisuju sve strane uklju\u010dene u ugovor (osigurava\u010d i ugovara\u010d osiguranja). Osiguranje se mo\u017ee zaklju\u010diti na osnovu usmene, pismene ili email ponude.                        <\/p>\r\n                    <\/div>\r\n                <\/div>\r\n                            <div class=\"faq__area-item\">\r\n                    <h6 class=\"icon page collapsed\" data-bs-toggle=\"collapse\"\r\n                        data-bs-target=\"#collapse103\">\u0160ta sve pokriva zdravstveno osiguranje ?<\/h6>\r\n                    <div id=\"collapse103\"\r\n                        class=\"faq__area-item-body collapse  \"\r\n                        data-bs-parent=\"#accordionExamplePage03\">\r\n                        <p>\r\n                            Zdravstveno osiguranje pokriva...                         <\/p>\r\n                    <\/div>\r\n                <\/div>\r\n                            <div class=\"faq__area-item\">\r\n                    <h6 class=\"icon page collapsed\" data-bs-toggle=\"collapse\"\r\n                        data-bs-target=\"#collapse203\">Koja sve osiguranja postoje ?<\/h6>\r\n                    <div id=\"collapse203\"\r\n                        class=\"faq__area-item-body collapse  \"\r\n                        data-bs-parent=\"#accordionExamplePage03\">\r\n                        <p>\r\n                            Postoje licna osiguranja i osiguranja imovine...                        <\/p>\r\n                    <\/div>\r\n                <\/div>\r\n                    <\/div>\r\n\r\n        \t\t\t\t<\/div>\n\t\t\t\t<\/div>\n\t\t\t\t\t<\/div>\n\t\t<\/div>\n\t\t\t\t\t<\/div>\n\t\t<\/section>\n\t\t<div class=\"elementor-element elementor-element-0d61a5b e-flex e-con-boxed e-con e-parent\" data-id=\"0d61a5b\" data-element_type=\"container\" data-e-type=\"container\">\n\t\t\t\t\t<div class=\"e-con-inner\">\n\t\t\t\t<div class=\"elementor-element elementor-element-1155842 elementor-widget elementor-widget-heading\" data-id=\"1155842\" data-element_type=\"widget\" data-e-type=\"widget\" data-widget_type=\"heading.default\">\n\t\t\t\t<div class=\"elementor-widget-container\">\n\t\t\t\t\t<h2 class=\"elementor-heading-title elementor-size-default\">Ostala pitanja i odgovori <\/h2>\t\t\t\t<\/div>\n\t\t\t\t<\/div>\n\t\t\t\t\t<\/div>\n\t\t\t\t<\/div>\n\t\t\t\t<section class=\"elementor-section elementor-top-section elementor-element elementor-element-de78645 elementor-section-boxed elementor-section-height-default elementor-section-height-default\" data-id=\"de78645\" data-element_type=\"section\" data-e-type=\"section\">\n\t\t\t\t\t\t<div class=\"elementor-container elementor-column-gap-default\">\n\t\t\t\t\t<div class=\"elementor-column elementor-col-50 elementor-top-column elementor-element elementor-element-4129250\" data-id=\"4129250\" data-element_type=\"column\" data-e-type=\"column\">\n\t\t\t<div class=\"elementor-widget-wrap elementor-element-populated\">\n\t\t\t\t\t\t<div class=\"elementor-element elementor-element-312198e elementor-widget elementor-widget-faq_noxiy\" data-id=\"312198e\" data-element_type=\"widget\" data-e-type=\"widget\" data-widget_type=\"faq_noxiy.default\">\n\t\t\t\t<div class=\"elementor-widget-container\">\n\t\t\t\t\t\r\n\r\n        <div id=\"accordionExamplePage01\">\r\n                            <div class=\"faq__area-item\">\r\n                    <h6 class=\"icon page \" data-bs-toggle=\"collapse\"\r\n                        data-bs-target=\"#collapse001\">\u0160ta je osiguravaju\u0107a polisa ?<\/h6>\r\n                    <div id=\"collapse001\"\r\n                        class=\"faq__area-item-body collapse show \"\r\n                        data-bs-parent=\"#accordionExamplePage01\">\r\n                        <p>\r\n                            Polisa je zvani\u010dni dokument koji potvr\u0111uje zaklju\u010den ugovor o osiguranju, a izdaje je osigurava\u010d. Ovaj dokument potpisuju sve strane uklju\u010dene u ugovor (osigurava\u010d i ugovara\u010d osiguranja). Osiguranje se mo\u017ee zaklju\u010diti na osnovu usmene, pismene ili email ponude.                        <\/p>\r\n                    <\/div>\r\n                <\/div>\r\n                            <div class=\"faq__area-item\">\r\n                    <h6 class=\"icon page collapsed\" data-bs-toggle=\"collapse\"\r\n                        data-bs-target=\"#collapse101\">\u0160ta sve pokriva zdravstveno osiguranje ?<\/h6>\r\n                    <div id=\"collapse101\"\r\n                        class=\"faq__area-item-body collapse  \"\r\n                        data-bs-parent=\"#accordionExamplePage01\">\r\n                        <p>\r\n                            Zdravstveno osiguranje pokriva...                         <\/p>\r\n                    <\/div>\r\n                <\/div>\r\n                            <div class=\"faq__area-item\">\r\n                    <h6 class=\"icon page collapsed\" data-bs-toggle=\"collapse\"\r\n                        data-bs-target=\"#collapse201\">Koja sve osiguranja postoje ?<\/h6>\r\n                    <div id=\"collapse201\"\r\n                        class=\"faq__area-item-body collapse  \"\r\n                        data-bs-parent=\"#accordionExamplePage01\">\r\n                        <p>\r\n                            Postoje licna osiguranja i osiguranja imovine...                        <\/p>\r\n                    <\/div>\r\n                <\/div>\r\n                    <\/div>\r\n\r\n        \t\t\t\t<\/div>\n\t\t\t\t<\/div>\n\t\t\t\t\t<\/div>\n\t\t<\/div>\n\t\t\t\t<div class=\"elementor-column elementor-col-50 elementor-top-column elementor-element elementor-element-fb2d90e\" data-id=\"fb2d90e\" data-element_type=\"column\" data-e-type=\"column\">\n\t\t\t<div class=\"elementor-widget-wrap elementor-element-populated\">\n\t\t\t\t\t\t<div class=\"elementor-element elementor-element-ec69d32 elementor-widget elementor-widget-faq_noxiy\" data-id=\"ec69d32\" data-element_type=\"widget\" data-e-type=\"widget\" data-widget_type=\"faq_noxiy.default\">\n\t\t\t\t<div class=\"elementor-widget-container\">\n\t\t\t\t\t\r\n\r\n        <div id=\"accordionExamplePage02\">\r\n                            <div class=\"faq__area-item\">\r\n                    <h6 class=\"icon page \" data-bs-toggle=\"collapse\"\r\n                        data-bs-target=\"#collapse002\">\u0160ta uraditi kada se desi osigurani slu\u010daj ?<\/h6>\r\n                    <div id=\"collapse002\"\r\n                        class=\"faq__area-item-body collapse show \"\r\n                        data-bs-parent=\"#accordionExamplePage02\">\r\n                        <p>\r\n                            \u0160ta je potrebno da uradite u slu\u010daju nastanka tzv. osiguranog slu\u010daja po polisama \u2013 u slu\u010daju da vam se desi saobra\u0107ajna nezgoda, ozljeda...                        <\/p>\r\n                    <\/div>\r\n                <\/div>\r\n                            <div class=\"faq__area-item\">\r\n                    <h6 class=\"icon page collapsed\" data-bs-toggle=\"collapse\"\r\n                        data-bs-target=\"#collapse102\">Ko je ugovara\u010d ?<\/h6>\r\n                    <div id=\"collapse102\"\r\n                        class=\"faq__area-item-body collapse  \"\r\n                        data-bs-parent=\"#accordionExamplePage02\">\r\n                        <p>\r\n                            Fizi\u010dko ili pravno lice koje sklopi ugovor o osiguranju sa osiguravaju\u0107om kompanijom, obavezuje se da \u0107e platiti  odre\u0111enu premiju osiguranja.                        <\/p>\r\n                    <\/div>\r\n                <\/div>\r\n                            <div class=\"faq__area-item\">\r\n                    <h6 class=\"icon page collapsed\" data-bs-toggle=\"collapse\"\r\n                        data-bs-target=\"#collapse202\">Ko je osiguranik ?<\/h6>\r\n                    <div id=\"collapse202\"\r\n                        class=\"faq__area-item-body collapse  \"\r\n                        data-bs-parent=\"#accordionExamplePage02\">\r\n                        <p>\r\n                            Pravno ili fizi\u010dko lice koje zaklju\u010duje ugovor o osiguranju u svoje ime i za svoj ra\u010dun, \u0161titi se od nepo\u017eeljnih efekata rizika koji su pokriveni tim ugovorom.                        <\/p>\r\n                    <\/div>\r\n                <\/div>\r\n                    <\/div>\r\n\r\n        \t\t\t\t<\/div>\n\t\t\t\t<\/div>\n\t\t\t\t\t<\/div>\n\t\t<\/div>\n\t\t\t\t\t<\/div>\n\t\t<\/section>\n\t\t\t\t<\/div>\n\t\t","protected":false},"excerpt":{"rendered":"<p>Tu smo da objasnimo sve \u0161to Vas interesuje Pitali ste Razjasnili smo nedoumice u vezi osiguranja \u0160ta je osiguravaju\u0107a polisa ? Polisa je zvani\u010dni dokument koji potvr\u0111uje zaklju\u010den ugovor o osiguranju, a izdaje je osigurava\u010d. Ovaj dokument potpisuju sve strane uklju\u010dene u ugovor (osigurava\u010d i ugovara\u010d osiguranja). Osiguranje se mo\u017ee zaklju\u010diti na osnovu usmene, pismene [&hellip;]<\/p>\n","protected":false},"author":1,"featured_media":2389,"parent":0,"menu_order":0,"comment_status":"closed","ping_status":"closed","template":"page-builder.php","meta":{"footnotes":""},"class_list":["post-47","page","type-page","status-publish","has-post-thumbnail","hentry"],"_links":{"self":[{"href":"https:\/\/vdprofesional.com\/index.php\/wp-json\/wp\/v2\/pages\/47","targetHints":{"allow":["GET"]}}],"collection":[{"href":"https:\/\/vdprofesional.com\/index.php\/wp-json\/wp\/v2\/pages"}],"about":[{"href":"https:\/\/vdprofesional.com\/index.php\/wp-json\/wp\/v2\/types\/page"}],"author":[{"embeddable":true,"href":"https:\/\/vdprofesional.com\/index.php\/wp-json\/wp\/v2\/users\/1"}],"replies":[{"embeddable":true,"href":"https:\/\/vdprofesional.com\/index.php\/wp-json\/wp\/v2\/comments?post=47"}],"version-history":[{"count":48,"href":"https:\/\/vdprofesional.com\/index.php\/wp-json\/wp\/v2\/pages\/47\/revisions"}],"predecessor-version":[{"id":3485,"href":"https:\/\/vdprofesional.com\/index.php\/wp-json\/wp\/v2\/pages\/47\/revisions\/3485"}],"wp:featuredmedia":[{"embeddable":true,"href":"https:\/\/vdprofesional.com\/index.php\/wp-json\/wp\/v2\/media\/2389"}],"wp:attachment":[{"href":"https:\/\/vdprofesional.com\/index.php\/wp-json\/wp\/v2\/media?parent=47"}],"curies":[{"name":"wp","href":"https:\/\/api.w.org\/{rel}","templated":true}]}}